{"id":54,"date":"2025-06-03T13:06:10","date_gmt":"2025-06-03T11:06:10","guid":{"rendered":"https:\/\/transiciencias.unizar.es\/?page_id=54"},"modified":"2025-06-03T13:07:19","modified_gmt":"2025-06-03T11:07:19","slug":"quienes-somos","status":"publish","type":"page","link":"https:\/\/transiciencias.unizar.es\/?page_id=54","title":{"rendered":"Quienes somos"},"content":{"rendered":"\n<figure class=\"wp-block-image size-large has-custom-border\"><img loading=\"lazy\" decoding=\"async\" width=\"1024\" height=\"187\" src=\"https:\/\/transiciencias.unizar.es\/wp-content\/uploads\/2025\/06\/mesh-1409121_1920_v3-1024x187.png\" alt=\"\" class=\"wp-image-28\" style=\"border-style:none;border-width:0px;border-radius:15px\" srcset=\"https:\/\/transiciencias.unizar.es\/wp-content\/uploads\/2025\/06\/mesh-1409121_1920_v3-1024x187.png 1024w, https:\/\/transiciencias.unizar.es\/wp-content\/uploads\/2025\/06\/mesh-1409121_1920_v3-300x55.png 300w, https:\/\/transiciencias.unizar.es\/wp-content\/uploads\/2025\/06\/mesh-1409121_1920_v3-768x140.png 768w, https:\/\/transiciencias.unizar.es\/wp-content\/uploads\/2025\/06\/mesh-1409121_1920_v3-1536x280.png 1536w, https:\/\/transiciencias.unizar.es\/wp-content\/uploads\/2025\/06\/mesh-1409121_1920_v3.png 1920w\" sizes=\"auto, (max-width: 1024px) 100vw, 1024px\" \/><\/figure>\n\n\n\n<ul class=\"wp-block-list\">\n<li><strong>Beatriz Mazas Gil (Investigadora principal)<\/strong><\/li>\n\n\n\n<li>\u00c1ngel Luis Cort\u00e9s Gracia<\/li>\n\n\n\n<li>Pedro Clemente Lucha L\u00f3pez<\/li>\n\n\n\n<li>Zoel Salvad\u00f3 Belart<\/li>\n\n\n\n<li>\u00d3scar Pueyo Anchuela<\/li>\n\n\n\n<li>Nuria S\u00e1nchez Le\u00f3n<\/li>\n\n\n\n<li>Carlos Rodr\u00edguez Casals<\/li>\n\n\n\n<li>Mar\u00eda Jos\u00e9 S\u00e1ez Bond\u00eda<\/li>\n\n\n\n<li>Ana Carmen de Echave Sanz<\/li>\n\n\n\n<li>Mar\u00eda Eugenia Dies \u00c1lvarez<\/li>\n\n\n\n<li>Ester Mateo Gonz\u00e1lez<\/li>\n\n\n\n<li>Adri\u00e1n Ponz Miranda<\/li>\n\n\n\n<li>Mar\u00eda Esther Cascarosa Salillas<\/li>\n\n\n\n<li>Mar\u00eda Teresa Novo Molinero<\/li>\n\n\n\n<li>Beatriz Bravo Torija<\/li>\n\n\n\n<li>Cristina Gil Gonz\u00e1lez<\/li>\n\n\n\n<li>Jorge Mart\u00edn Garc\u00eda<\/li>\n\n\n\n<li>Guiomar Calvo Sevillano<\/li>\n\n\n\n<li>Jorge Pozuelo Mu\u00f1oz<\/li>\n<\/ul>\n","protected":false},"excerpt":{"rendered":"","protected":false},"author":1,"featured_media":0,"parent":0,"menu_order":0,"comment_status":"closed","ping_status":"closed","template":"","meta":{"ngg_post_thumbnail":0,"footnotes":""},"class_list":["post-54","page","type-page","status-publish","hentry"],"yoast_head":"<!-- This site is optimized with the Yoast SEO plugin v26.2 - https:\/\/yoast.com\/wordpress\/plugins\/seo\/ -->\n<title>Quienes somos - Transiciencias<\/title>\n<meta name=\"robots\" content=\"index, follow, max-snippet:-1, max-image-preview:large, max-video-preview:-1\" \/>\n<link rel=\"canonical\" href=\"https:\/\/transiciencias.unizar.es\/?page_id=54\" \/>\n<meta property=\"og:locale\" content=\"es_ES\" \/>\n<meta property=\"og:type\" content=\"article\" \/>\n<meta property=\"og:title\" content=\"Quienes somos - Transiciencias\" \/>\n<meta property=\"og:url\" content=\"https:\/\/transiciencias.unizar.es\/?page_id=54\" \/>\n<meta property=\"og:site_name\" content=\"Transiciencias\" \/>\n<meta property=\"article:modified_time\" content=\"2025-06-03T11:07:19+00:00\" \/>\n<meta property=\"og:image\" content=\"https:\/\/transiciencias.unizar.es\/wp-content\/uploads\/2025\/06\/mesh-1409121_1920_v3.png\" \/>\n\t<meta property=\"og:image:width\" content=\"1920\" \/>\n\t<meta property=\"og:image:height\" content=\"350\" \/>\n\t<meta property=\"og:image:type\" content=\"image\/png\" \/>\n<meta name=\"twitter:card\" content=\"summary_large_image\" \/>\n<meta name=\"twitter:label1\" content=\"Tiempo de lectura\" \/>\n\t<meta name=\"twitter:data1\" content=\"1 minuto\" \/>\n<script type=\"application\/ld+json\" class=\"yoast-schema-graph\">{\"@context\":\"https:\/\/schema.org\",\"@graph\":[{\"@type\":\"WebPage\",\"@id\":\"https:\/\/transiciencias.unizar.es\/?page_id=54\",\"url\":\"https:\/\/transiciencias.unizar.es\/?page_id=54\",\"name\":\"Quienes somos - Transiciencias\",\"isPartOf\":{\"@id\":\"https:\/\/transiciencias.unizar.es\/#website\"},\"primaryImageOfPage\":{\"@id\":\"https:\/\/transiciencias.unizar.es\/?page_id=54#primaryimage\"},\"image\":{\"@id\":\"https:\/\/transiciencias.unizar.es\/?page_id=54#primaryimage\"},\"thumbnailUrl\":\"https:\/\/transiciencias.unizar.es\/wp-content\/uploads\/2025\/06\/mesh-1409121_1920_v3-1024x187.png\",\"datePublished\":\"2025-06-03T11:06:10+00:00\",\"dateModified\":\"2025-06-03T11:07:19+00:00\",\"breadcrumb\":{\"@id\":\"https:\/\/transiciencias.unizar.es\/?page_id=54#breadcrumb\"},\"inLanguage\":\"es\",\"potentialAction\":[{\"@type\":\"ReadAction\",\"target\":[\"https:\/\/transiciencias.unizar.es\/?page_id=54\"]}]},{\"@type\":\"ImageObject\",\"inLanguage\":\"es\",\"@id\":\"https:\/\/transiciencias.unizar.es\/?page_id=54#primaryimage\",\"url\":\"https:\/\/transiciencias.unizar.es\/wp-content\/uploads\/2025\/06\/mesh-1409121_1920_v3.png\",\"contentUrl\":\"https:\/\/transiciencias.unizar.es\/wp-content\/uploads\/2025\/06\/mesh-1409121_1920_v3.png\",\"width\":1920,\"height\":350},{\"@type\":\"BreadcrumbList\",\"@id\":\"https:\/\/transiciencias.unizar.es\/?page_id=54#breadcrumb\",\"itemListElement\":[{\"@type\":\"ListItem\",\"position\":1,\"name\":\"Portada\",\"item\":\"https:\/\/transiciencias.unizar.es\/\"},{\"@type\":\"ListItem\",\"position\":2,\"name\":\"Quienes somos\"}]},{\"@type\":\"WebSite\",\"@id\":\"https:\/\/transiciencias.unizar.es\/#website\",\"url\":\"https:\/\/transiciencias.unizar.es\/\",\"name\":\"Transiciencias\",\"description\":\"Transiciencias\",\"potentialAction\":[{\"@type\":\"SearchAction\",\"target\":{\"@type\":\"EntryPoint\",\"urlTemplate\":\"https:\/\/transiciencias.unizar.es\/?s={search_term_string}\"},\"query-input\":{\"@type\":\"PropertyValueSpecification\",\"valueRequired\":true,\"valueName\":\"search_term_string\"}}],\"inLanguage\":\"es\"}]}<\/script>\n<!-- \/ Yoast SEO plugin. -->","yoast_head_json":{"title":"Quienes somos - Transiciencias","robots":{"index":"index","follow":"follow","max-snippet":"max-snippet:-1","max-image-preview":"max-image-preview:large","max-video-preview":"max-video-preview:-1"},"canonical":"https:\/\/transiciencias.unizar.es\/?page_id=54","og_locale":"es_ES","og_type":"article","og_title":"Quienes somos - Transiciencias","og_url":"https:\/\/transiciencias.unizar.es\/?page_id=54","og_site_name":"Transiciencias","article_modified_time":"2025-06-03T11:07:19+00:00","og_image":[{"width":1920,"height":350,"url":"https:\/\/transiciencias.unizar.es\/wp-content\/uploads\/2025\/06\/mesh-1409121_1920_v3.png","type":"image\/png"}],"twitter_card":"summary_large_image","twitter_misc":{"Tiempo de lectura":"1 minuto"},"schema":{"@context":"https:\/\/schema.org","@graph":[{"@type":"WebPage","@id":"https:\/\/transiciencias.unizar.es\/?page_id=54","url":"https:\/\/transiciencias.unizar.es\/?page_id=54","name":"Quienes somos - Transiciencias","isPartOf":{"@id":"https:\/\/transiciencias.unizar.es\/#website"},"primaryImageOfPage":{"@id":"https:\/\/transiciencias.unizar.es\/?page_id=54#primaryimage"},"image":{"@id":"https:\/\/transiciencias.unizar.es\/?page_id=54#primaryimage"},"thumbnailUrl":"https:\/\/transiciencias.unizar.es\/wp-content\/uploads\/2025\/06\/mesh-1409121_1920_v3-1024x187.png","datePublished":"2025-06-03T11:06:10+00:00","dateModified":"2025-06-03T11:07:19+00:00","breadcrumb":{"@id":"https:\/\/transiciencias.unizar.es\/?page_id=54#breadcrumb"},"inLanguage":"es","potentialAction":[{"@type":"ReadAction","target":["https:\/\/transiciencias.unizar.es\/?page_id=54"]}]},{"@type":"ImageObject","inLanguage":"es","@id":"https:\/\/transiciencias.unizar.es\/?page_id=54#primaryimage","url":"https:\/\/transiciencias.unizar.es\/wp-content\/uploads\/2025\/06\/mesh-1409121_1920_v3.png","contentUrl":"https:\/\/transiciencias.unizar.es\/wp-content\/uploads\/2025\/06\/mesh-1409121_1920_v3.png","width":1920,"height":350},{"@type":"BreadcrumbList","@id":"https:\/\/transiciencias.unizar.es\/?page_id=54#breadcrumb","itemListElement":[{"@type":"ListItem","position":1,"name":"Portada","item":"https:\/\/transiciencias.unizar.es\/"},{"@type":"ListItem","position":2,"name":"Quienes somos"}]},{"@type":"WebSite","@id":"https:\/\/transiciencias.unizar.es\/#website","url":"https:\/\/transiciencias.unizar.es\/","name":"Transiciencias","description":"Transiciencias","potentialAction":[{"@type":"SearchAction","target":{"@type":"EntryPoint","urlTemplate":"https:\/\/transiciencias.unizar.es\/?s={search_term_string}"},"query-input":{"@type":"PropertyValueSpecification","valueRequired":true,"valueName":"search_term_string"}}],"inLanguage":"es"}]}},"_links":{"self":[{"href":"https:\/\/transiciencias.unizar.es\/index.php?rest_route=\/wp\/v2\/pages\/54","targetHints":{"allow":["GET"]}}],"collection":[{"href":"https:\/\/transiciencias.unizar.es\/index.php?rest_route=\/wp\/v2\/pages"}],"about":[{"href":"https:\/\/transiciencias.unizar.es\/index.php?rest_route=\/wp\/v2\/types\/page"}],"author":[{"embeddable":true,"href":"https:\/\/transiciencias.unizar.es\/index.php?rest_route=\/wp\/v2\/users\/1"}],"replies":[{"embeddable":true,"href":"https:\/\/transiciencias.unizar.es\/index.php?rest_route=%2Fwp%2Fv2%2Fcomments&post=54"}],"version-history":[{"count":3,"href":"https:\/\/transiciencias.unizar.es\/index.php?rest_route=\/wp\/v2\/pages\/54\/revisions"}],"predecessor-version":[{"id":57,"href":"https:\/\/transiciencias.unizar.es\/index.php?rest_route=\/wp\/v2\/pages\/54\/revisions\/57"}],"wp:attachment":[{"href":"https:\/\/transiciencias.unizar.es\/index.php?rest_route=%2Fwp%2Fv2%2Fmedia&parent=54"}],"curies":[{"name":"wp","href":"https:\/\/api.w.org\/{rel}","templated":true}]}}