{"id":10,"date":"2025-05-27T11:42:56","date_gmt":"2025-05-27T09:42:56","guid":{"rendered":"https:\/\/transiciencias.unizar.es\/?page_id=10"},"modified":"2026-01-19T09:46:06","modified_gmt":"2026-01-19T08:46:06","slug":"apoyos","status":"publish","type":"page","link":"https:\/\/transiciencias.unizar.es\/?page_id=10","title":{"rendered":"Apoyos"},"content":{"rendered":"\n<div class=\"wp-block-columns is-layout-flex wp-container-core-columns-is-layout-28f84493 wp-block-columns-is-layout-flex\">\n<div class=\"wp-block-column is-layout-flow wp-block-column-is-layout-flow\">\n<figure class=\"wp-block-image aligncenter size-large is-resized\"><a href=\"https:\/\/transiciencias.unizar.es\/Apoyos\/APOYOS_CAPITULO%204.pdf\" target=\"_blank\" rel=\" noreferrer noopener\"><img loading=\"lazy\" decoding=\"async\" width=\"833\" height=\"1024\" src=\"https:\/\/transiciencias.unizar.es\/wp-content\/uploads\/2025\/05\/PDF_file_icon-833x1024.png\" alt=\"\" class=\"wp-image-11\" style=\"width:90px\" srcset=\"https:\/\/transiciencias.unizar.es\/wp-content\/uploads\/2025\/05\/PDF_file_icon-833x1024.png 833w, https:\/\/transiciencias.unizar.es\/wp-content\/uploads\/2025\/05\/PDF_file_icon-244x300.png 244w, https:\/\/transiciencias.unizar.es\/wp-content\/uploads\/2025\/05\/PDF_file_icon-768x944.png 768w, https:\/\/transiciencias.unizar.es\/wp-content\/uploads\/2025\/05\/PDF_file_icon.png 890w\" sizes=\"auto, (max-width: 833px) 100vw, 833px\" \/><\/a><\/figure>\n\n\n\n<p class=\"has-text-align-center\">Cap\u00edtulo 4<\/p>\n<\/div>\n\n\n\n<div class=\"wp-block-column is-layout-flow wp-block-column-is-layout-flow\">\n<figure class=\"wp-block-image aligncenter size-large is-resized\"><a href=\"https:\/\/transiciencias.unizar.es\/Apoyos\/APOYOS_CAPITULO%205.pdf\" target=\"_blank\" rel=\" noreferrer noopener\"><img loading=\"lazy\" decoding=\"async\" width=\"833\" height=\"1024\" src=\"https:\/\/transiciencias.unizar.es\/wp-content\/uploads\/2025\/05\/PDF_file_icon-833x1024.png\" alt=\"\" class=\"wp-image-11\" style=\"width:90px\" srcset=\"https:\/\/transiciencias.unizar.es\/wp-content\/uploads\/2025\/05\/PDF_file_icon-833x1024.png 833w, https:\/\/transiciencias.unizar.es\/wp-content\/uploads\/2025\/05\/PDF_file_icon-244x300.png 244w, https:\/\/transiciencias.unizar.es\/wp-content\/uploads\/2025\/05\/PDF_file_icon-768x944.png 768w, https:\/\/transiciencias.unizar.es\/wp-content\/uploads\/2025\/05\/PDF_file_icon.png 890w\" sizes=\"auto, (max-width: 833px) 100vw, 833px\" \/><\/a><\/figure>\n\n\n\n<p class=\"has-text-align-center\">Cap\u00edtulo 5<\/p>\n<\/div>\n\n\n\n<div class=\"wp-block-column is-layout-flow wp-block-column-is-layout-flow\">\n<figure class=\"wp-block-image aligncenter size-large is-resized\"><a href=\"https:\/\/transiciencias.unizar.es\/Apoyos\/APOYOS_CAPITULO%206.pdf\" target=\"_blank\" rel=\" noreferrer noopener\"><img loading=\"lazy\" decoding=\"async\" width=\"833\" height=\"1024\" src=\"https:\/\/transiciencias.unizar.es\/wp-content\/uploads\/2025\/05\/PDF_file_icon-833x1024.png\" alt=\"\" class=\"wp-image-11\" style=\"width:90px;height:auto\" srcset=\"https:\/\/transiciencias.unizar.es\/wp-content\/uploads\/2025\/05\/PDF_file_icon-833x1024.png 833w, https:\/\/transiciencias.unizar.es\/wp-content\/uploads\/2025\/05\/PDF_file_icon-244x300.png 244w, https:\/\/transiciencias.unizar.es\/wp-content\/uploads\/2025\/05\/PDF_file_icon-768x944.png 768w, https:\/\/transiciencias.unizar.es\/wp-content\/uploads\/2025\/05\/PDF_file_icon.png 890w\" sizes=\"auto, (max-width: 833px) 100vw, 833px\" \/><\/a><\/figure>\n\n\n\n<p class=\"has-text-align-center\">Cap\u00edtulo 6<\/p>\n<\/div>\n<\/div>\n\n\n\n<div style=\"height:41px\" aria-hidden=\"true\" class=\"wp-block-spacer\"><\/div>\n\n\n\n<div class=\"wp-block-columns is-layout-flex wp-container-core-columns-is-layout-28f84493 wp-block-columns-is-layout-flex\">\n<div class=\"wp-block-column is-layout-flow wp-block-column-is-layout-flow\">\n<figure class=\"wp-block-image aligncenter size-large is-resized\"><a href=\"https:\/\/transiciencias.unizar.es\/Apoyos\/APOYOS_CAPITULO%207.pdf\" target=\"_blank\" rel=\" noreferrer noopener\"><img loading=\"lazy\" decoding=\"async\" width=\"833\" height=\"1024\" src=\"https:\/\/transiciencias.unizar.es\/wp-content\/uploads\/2025\/05\/PDF_file_icon-833x1024.png\" alt=\"\" class=\"wp-image-11\" style=\"width:90px\" srcset=\"https:\/\/transiciencias.unizar.es\/wp-content\/uploads\/2025\/05\/PDF_file_icon-833x1024.png 833w, https:\/\/transiciencias.unizar.es\/wp-content\/uploads\/2025\/05\/PDF_file_icon-244x300.png 244w, https:\/\/transiciencias.unizar.es\/wp-content\/uploads\/2025\/05\/PDF_file_icon-768x944.png 768w, https:\/\/transiciencias.unizar.es\/wp-content\/uploads\/2025\/05\/PDF_file_icon.png 890w\" sizes=\"auto, (max-width: 833px) 100vw, 833px\" \/><\/a><\/figure>\n\n\n\n<p class=\"has-text-align-center\">Cap\u00edtulo 7<\/p>\n<\/div>\n\n\n\n<div class=\"wp-block-column is-layout-flow wp-block-column-is-layout-flow\">\n<figure class=\"wp-block-image aligncenter size-large is-resized\"><a href=\"https:\/\/transiciencias.unizar.es\/Apoyos\/APOYOS_CAPITULO%208.pdf\" target=\"_blank\" rel=\" noreferrer noopener\"><img loading=\"lazy\" decoding=\"async\" width=\"833\" height=\"1024\" src=\"https:\/\/transiciencias.unizar.es\/wp-content\/uploads\/2025\/05\/PDF_file_icon-833x1024.png\" alt=\"\" class=\"wp-image-11\" style=\"width:90px\" srcset=\"https:\/\/transiciencias.unizar.es\/wp-content\/uploads\/2025\/05\/PDF_file_icon-833x1024.png 833w, https:\/\/transiciencias.unizar.es\/wp-content\/uploads\/2025\/05\/PDF_file_icon-244x300.png 244w, https:\/\/transiciencias.unizar.es\/wp-content\/uploads\/2025\/05\/PDF_file_icon-768x944.png 768w, https:\/\/transiciencias.unizar.es\/wp-content\/uploads\/2025\/05\/PDF_file_icon.png 890w\" sizes=\"auto, (max-width: 833px) 100vw, 833px\" \/><\/a><\/figure>\n\n\n\n<p class=\"has-text-align-center\">Cap\u00edtulo 8<\/p>\n<\/div>\n\n\n\n<div class=\"wp-block-column is-layout-flow wp-block-column-is-layout-flow\">\n<figure class=\"wp-block-image aligncenter size-large is-resized\"><a href=\"https:\/\/transiciencias.unizar.es\/Apoyos\/APOYOS_CAPITULO%209.pdf\" target=\"_blank\" rel=\" noreferrer noopener\"><img loading=\"lazy\" decoding=\"async\" width=\"833\" height=\"1024\" src=\"https:\/\/transiciencias.unizar.es\/wp-content\/uploads\/2025\/05\/PDF_file_icon-833x1024.png\" alt=\"\" class=\"wp-image-11\" style=\"width:90px;height:auto\" srcset=\"https:\/\/transiciencias.unizar.es\/wp-content\/uploads\/2025\/05\/PDF_file_icon-833x1024.png 833w, https:\/\/transiciencias.unizar.es\/wp-content\/uploads\/2025\/05\/PDF_file_icon-244x300.png 244w, https:\/\/transiciencias.unizar.es\/wp-content\/uploads\/2025\/05\/PDF_file_icon-768x944.png 768w, https:\/\/transiciencias.unizar.es\/wp-content\/uploads\/2025\/05\/PDF_file_icon.png 890w\" sizes=\"auto, (max-width: 833px) 100vw, 833px\" \/><\/a><\/figure>\n\n\n\n<p class=\"has-text-align-center\">Cap\u00edtulo 9<\/p>\n<\/div>\n<\/div>\n\n\n\n<div style=\"height:41px\" aria-hidden=\"true\" class=\"wp-block-spacer\"><\/div>\n\n\n\n<div class=\"wp-block-columns is-layout-flex wp-container-core-columns-is-layout-28f84493 wp-block-columns-is-layout-flex\">\n<div class=\"wp-block-column is-layout-flow wp-block-column-is-layout-flow\">\n<figure class=\"wp-block-image aligncenter size-large is-resized\"><a href=\"https:\/\/transiciencias.unizar.es\/Apoyos\/APOYOS_CAPITULO_10.pdf\"><img loading=\"lazy\" decoding=\"async\" width=\"833\" height=\"1024\" src=\"https:\/\/transiciencias.unizar.es\/wp-content\/uploads\/2025\/05\/PDF_file_icon-833x1024.png\" alt=\"\" class=\"wp-image-11\" style=\"width:90px\" srcset=\"https:\/\/transiciencias.unizar.es\/wp-content\/uploads\/2025\/05\/PDF_file_icon-833x1024.png 833w, https:\/\/transiciencias.unizar.es\/wp-content\/uploads\/2025\/05\/PDF_file_icon-244x300.png 244w, https:\/\/transiciencias.unizar.es\/wp-content\/uploads\/2025\/05\/PDF_file_icon-768x944.png 768w, https:\/\/transiciencias.unizar.es\/wp-content\/uploads\/2025\/05\/PDF_file_icon.png 890w\" sizes=\"auto, (max-width: 833px) 100vw, 833px\" \/><\/a><\/figure>\n\n\n\n<p class=\"has-text-align-center\">Cap\u00edtulo 10<\/p>\n<\/div>\n\n\n\n<div class=\"wp-block-column is-layout-flow wp-block-column-is-layout-flow\">\n<figure class=\"wp-block-image aligncenter size-large is-resized\"><a href=\"https:\/\/transiciencias.unizar.es\/Apoyos\/APOYOS_CAPITULO%2011.pdf\" target=\"_blank\" rel=\" noreferrer noopener\"><img loading=\"lazy\" decoding=\"async\" width=\"833\" height=\"1024\" src=\"https:\/\/transiciencias.unizar.es\/wp-content\/uploads\/2025\/05\/PDF_file_icon-833x1024.png\" alt=\"\" class=\"wp-image-11\" style=\"width:90px\" srcset=\"https:\/\/transiciencias.unizar.es\/wp-content\/uploads\/2025\/05\/PDF_file_icon-833x1024.png 833w, https:\/\/transiciencias.unizar.es\/wp-content\/uploads\/2025\/05\/PDF_file_icon-244x300.png 244w, https:\/\/transiciencias.unizar.es\/wp-content\/uploads\/2025\/05\/PDF_file_icon-768x944.png 768w, https:\/\/transiciencias.unizar.es\/wp-content\/uploads\/2025\/05\/PDF_file_icon.png 890w\" sizes=\"auto, (max-width: 833px) 100vw, 833px\" \/><\/a><\/figure>\n\n\n\n<p class=\"has-text-align-center\">Cap\u00edtulo 11<\/p>\n<\/div>\n\n\n\n<div class=\"wp-block-column is-layout-flow wp-block-column-is-layout-flow\">\n<p class=\"has-text-align-center\"><\/p>\n<\/div>\n<\/div>\n\n\n\n<p><\/p>\n","protected":false},"excerpt":{"rendered":"<p>Cap\u00edtulo 4 Cap\u00edtulo 5 Cap\u00edtulo 6 Cap\u00edtulo 7 Cap\u00edtulo 8 Cap\u00edtulo 9 Cap\u00edtulo 10 Cap\u00edtulo 11<\/p>\n","protected":false},"author":1,"featured_media":0,"parent":0,"menu_order":0,"comment_status":"closed","ping_status":"closed","template":"","meta":{"ngg_post_thumbnail":0,"footnotes":""},"class_list":["post-10","page","type-page","status-publish","hentry"],"yoast_head":"<!-- This site is optimized with the Yoast SEO plugin v26.2 - https:\/\/yoast.com\/wordpress\/plugins\/seo\/ -->\n<title>Apoyos - Transiciencias<\/title>\n<meta name=\"robots\" content=\"index, follow, max-snippet:-1, max-image-preview:large, max-video-preview:-1\" \/>\n<link rel=\"canonical\" href=\"https:\/\/transiciencias.unizar.es\/?page_id=10\" \/>\n<meta property=\"og:locale\" content=\"es_ES\" \/>\n<meta property=\"og:type\" content=\"article\" \/>\n<meta property=\"og:title\" content=\"Apoyos - Transiciencias\" \/>\n<meta property=\"og:description\" content=\"Cap\u00edtulo 4 Cap\u00edtulo 5 Cap\u00edtulo 6 Cap\u00edtulo 7 Cap\u00edtulo 8 Cap\u00edtulo 9 Cap\u00edtulo 10 Cap\u00edtulo 11\" \/>\n<meta property=\"og:url\" content=\"https:\/\/transiciencias.unizar.es\/?page_id=10\" \/>\n<meta property=\"og:site_name\" content=\"Transiciencias\" \/>\n<meta property=\"article:modified_time\" content=\"2026-01-19T08:46:06+00:00\" \/>\n<meta property=\"og:image\" content=\"https:\/\/transiciencias.unizar.es\/wp-content\/uploads\/2025\/05\/PDF_file_icon.png\" \/>\n\t<meta property=\"og:image:width\" content=\"890\" \/>\n\t<meta property=\"og:image:height\" content=\"1094\" \/>\n\t<meta property=\"og:image:type\" content=\"image\/png\" \/>\n<meta name=\"twitter:card\" content=\"summary_large_image\" \/>\n<meta name=\"twitter:label1\" content=\"Tiempo de lectura\" \/>\n\t<meta name=\"twitter:data1\" content=\"2 minutos\" \/>\n<script type=\"application\/ld+json\" class=\"yoast-schema-graph\">{\"@context\":\"https:\/\/schema.org\",\"@graph\":[{\"@type\":\"WebPage\",\"@id\":\"https:\/\/transiciencias.unizar.es\/?page_id=10\",\"url\":\"https:\/\/transiciencias.unizar.es\/?page_id=10\",\"name\":\"Apoyos - Transiciencias\",\"isPartOf\":{\"@id\":\"https:\/\/transiciencias.unizar.es\/#website\"},\"primaryImageOfPage\":{\"@id\":\"https:\/\/transiciencias.unizar.es\/?page_id=10#primaryimage\"},\"image\":{\"@id\":\"https:\/\/transiciencias.unizar.es\/?page_id=10#primaryimage\"},\"thumbnailUrl\":\"https:\/\/transiciencias.unizar.es\/wp-content\/uploads\/2025\/05\/PDF_file_icon-833x1024.png\",\"datePublished\":\"2025-05-27T09:42:56+00:00\",\"dateModified\":\"2026-01-19T08:46:06+00:00\",\"breadcrumb\":{\"@id\":\"https:\/\/transiciencias.unizar.es\/?page_id=10#breadcrumb\"},\"inLanguage\":\"es\",\"potentialAction\":[{\"@type\":\"ReadAction\",\"target\":[\"https:\/\/transiciencias.unizar.es\/?page_id=10\"]}]},{\"@type\":\"ImageObject\",\"inLanguage\":\"es\",\"@id\":\"https:\/\/transiciencias.unizar.es\/?page_id=10#primaryimage\",\"url\":\"https:\/\/transiciencias.unizar.es\/wp-content\/uploads\/2025\/05\/PDF_file_icon.png\",\"contentUrl\":\"https:\/\/transiciencias.unizar.es\/wp-content\/uploads\/2025\/05\/PDF_file_icon.png\",\"width\":890,\"height\":1094},{\"@type\":\"BreadcrumbList\",\"@id\":\"https:\/\/transiciencias.unizar.es\/?page_id=10#breadcrumb\",\"itemListElement\":[{\"@type\":\"ListItem\",\"position\":1,\"name\":\"Portada\",\"item\":\"https:\/\/transiciencias.unizar.es\/\"},{\"@type\":\"ListItem\",\"position\":2,\"name\":\"Apoyos\"}]},{\"@type\":\"WebSite\",\"@id\":\"https:\/\/transiciencias.unizar.es\/#website\",\"url\":\"https:\/\/transiciencias.unizar.es\/\",\"name\":\"Transiciencias\",\"description\":\"Transiciencias\",\"potentialAction\":[{\"@type\":\"SearchAction\",\"target\":{\"@type\":\"EntryPoint\",\"urlTemplate\":\"https:\/\/transiciencias.unizar.es\/?s={search_term_string}\"},\"query-input\":{\"@type\":\"PropertyValueSpecification\",\"valueRequired\":true,\"valueName\":\"search_term_string\"}}],\"inLanguage\":\"es\"}]}<\/script>\n<!-- \/ Yoast SEO plugin. -->","yoast_head_json":{"title":"Apoyos - Transiciencias","robots":{"index":"index","follow":"follow","max-snippet":"max-snippet:-1","max-image-preview":"max-image-preview:large","max-video-preview":"max-video-preview:-1"},"canonical":"https:\/\/transiciencias.unizar.es\/?page_id=10","og_locale":"es_ES","og_type":"article","og_title":"Apoyos - Transiciencias","og_description":"Cap\u00edtulo 4 Cap\u00edtulo 5 Cap\u00edtulo 6 Cap\u00edtulo 7 Cap\u00edtulo 8 Cap\u00edtulo 9 Cap\u00edtulo 10 Cap\u00edtulo 11","og_url":"https:\/\/transiciencias.unizar.es\/?page_id=10","og_site_name":"Transiciencias","article_modified_time":"2026-01-19T08:46:06+00:00","og_image":[{"width":890,"height":1094,"url":"https:\/\/transiciencias.unizar.es\/wp-content\/uploads\/2025\/05\/PDF_file_icon.png","type":"image\/png"}],"twitter_card":"summary_large_image","twitter_misc":{"Tiempo de lectura":"2 minutos"},"schema":{"@context":"https:\/\/schema.org","@graph":[{"@type":"WebPage","@id":"https:\/\/transiciencias.unizar.es\/?page_id=10","url":"https:\/\/transiciencias.unizar.es\/?page_id=10","name":"Apoyos - Transiciencias","isPartOf":{"@id":"https:\/\/transiciencias.unizar.es\/#website"},"primaryImageOfPage":{"@id":"https:\/\/transiciencias.unizar.es\/?page_id=10#primaryimage"},"image":{"@id":"https:\/\/transiciencias.unizar.es\/?page_id=10#primaryimage"},"thumbnailUrl":"https:\/\/transiciencias.unizar.es\/wp-content\/uploads\/2025\/05\/PDF_file_icon-833x1024.png","datePublished":"2025-05-27T09:42:56+00:00","dateModified":"2026-01-19T08:46:06+00:00","breadcrumb":{"@id":"https:\/\/transiciencias.unizar.es\/?page_id=10#breadcrumb"},"inLanguage":"es","potentialAction":[{"@type":"ReadAction","target":["https:\/\/transiciencias.unizar.es\/?page_id=10"]}]},{"@type":"ImageObject","inLanguage":"es","@id":"https:\/\/transiciencias.unizar.es\/?page_id=10#primaryimage","url":"https:\/\/transiciencias.unizar.es\/wp-content\/uploads\/2025\/05\/PDF_file_icon.png","contentUrl":"https:\/\/transiciencias.unizar.es\/wp-content\/uploads\/2025\/05\/PDF_file_icon.png","width":890,"height":1094},{"@type":"BreadcrumbList","@id":"https:\/\/transiciencias.unizar.es\/?page_id=10#breadcrumb","itemListElement":[{"@type":"ListItem","position":1,"name":"Portada","item":"https:\/\/transiciencias.unizar.es\/"},{"@type":"ListItem","position":2,"name":"Apoyos"}]},{"@type":"WebSite","@id":"https:\/\/transiciencias.unizar.es\/#website","url":"https:\/\/transiciencias.unizar.es\/","name":"Transiciencias","description":"Transiciencias","potentialAction":[{"@type":"SearchAction","target":{"@type":"EntryPoint","urlTemplate":"https:\/\/transiciencias.unizar.es\/?s={search_term_string}"},"query-input":{"@type":"PropertyValueSpecification","valueRequired":true,"valueName":"search_term_string"}}],"inLanguage":"es"}]}},"_links":{"self":[{"href":"https:\/\/transiciencias.unizar.es\/index.php?rest_route=\/wp\/v2\/pages\/10","targetHints":{"allow":["GET"]}}],"collection":[{"href":"https:\/\/transiciencias.unizar.es\/index.php?rest_route=\/wp\/v2\/pages"}],"about":[{"href":"https:\/\/transiciencias.unizar.es\/index.php?rest_route=\/wp\/v2\/types\/page"}],"author":[{"embeddable":true,"href":"https:\/\/transiciencias.unizar.es\/index.php?rest_route=\/wp\/v2\/users\/1"}],"replies":[{"embeddable":true,"href":"https:\/\/transiciencias.unizar.es\/index.php?rest_route=%2Fwp%2Fv2%2Fcomments&post=10"}],"version-history":[{"count":4,"href":"https:\/\/transiciencias.unizar.es\/index.php?rest_route=\/wp\/v2\/pages\/10\/revisions"}],"predecessor-version":[{"id":68,"href":"https:\/\/transiciencias.unizar.es\/index.php?rest_route=\/wp\/v2\/pages\/10\/revisions\/68"}],"wp:attachment":[{"href":"https:\/\/transiciencias.unizar.es\/index.php?rest_route=%2Fwp%2Fv2%2Fmedia&parent=10"}],"curies":[{"name":"wp","href":"https:\/\/api.w.org\/{rel}","templated":true}]}}